{"id":3738,"date":"2023-10-17T13:59:07","date_gmt":"2023-10-17T17:59:07","guid":{"rendered":"https:\/\/myazdentist.com\/?page_id=3738"},"modified":"2023-10-17T16:47:02","modified_gmt":"2023-10-17T20:47:02","slug":"estabilizar-una-dentadura-postiza-con-miniimplantes-dentales","status":"publish","type":"page","link":"https:\/\/myazdentist.com\/es\/estabilizar-una-dentadura-postiza-con-miniimplantes-dentales\/","title":{"rendered":"Estabilizar una dentadura postiza con miniimplantes dentales"},"content":{"rendered":"<section class=\"section\" id=\"section_1776543782\">\n\t\t<div class=\"bg section-bg fill bg-fill  bg-loaded\" >\n\n\t\t\t\n\t\t\t\n\t\t\t\n\n\t\t<\/div>\n\n\t\t\n\n\t\t<div class=\"section-content relative\">\n\t\t\t\n<div class=\"row\"  id=\"row-1579261648\">\n\n\t<div id=\"col-1419891494\" class=\"col medium-8 small-12 large-8\"  >\n\t\t\t\t<div class=\"col-inner\"  >\n\t\t\t\n\t\t\t\n<h1><strong>\u00bfSe puede estabilizar mi dentadura postiza actual con miniimplantes dentales?<\/strong><\/h1>\n<p>En este video, Scottsdale, AZ dentista Dr. Seerat Mann explica la opci\u00f3n de a\u00f1adir implantes a su dentadura existente, proporcionando retenci\u00f3n fiable y la estabilidad que puede durar toda la vida.<\/p>\n<div class=\"video video-fit mb\" style=\"padding-top:56.25%;\"><p><iframe loading=\"lazy\" title=\"\u00bfSe puede estabilizar mi dentadura existente con mini implantes dentales? | Scottsdale, AZ Dr. Seerat Mann\" width=\"1020\" height=\"574\" src=\"https:\/\/www.youtube.com\/embed\/yujzs1u3ZVE?wmode=transparent&amp;rel=0&amp;feature=oembed\" frameborder=\"0\" allow=\"accelerometer; autoplay; clipboard-write; encrypted-media; gyroscope; picture-in-picture; web-share\" allowfullscreen><\/iframe><\/p>\n<\/div>\n<p>Ciertamente, tenemos la capacidad de utilizar su dentadura actual mediante la incorporaci\u00f3n de mini implantes dentales en ambos maxilares superior e inferior, transformando efectivamente su dentadura existente en dentaduras retenidas por implantes. Para el maxilar superior, despu\u00e9s de la colocaci\u00f3n del implante, podemos modificar la dentadura mediante la eliminaci\u00f3n del paladar, mejorando su capacidad para degustar los alimentos, mejorar el habla, y eliminar la necesidad de productos adhesivos. Si usted est\u00e1 experimentando problemas con una dentadura floja, le animamos a ponerse en contacto con nosotros y programar una cita de consulta gratuita para explorar esta opci\u00f3n transformadora.<\/p>\n\t\t<\/div>\n\t\t\t\t\t<\/div>\n\n\t\n\n\t<div id=\"col-2123433630\" class=\"col medium-4 small-12 large-4\"  >\n\t\t\t\t<div class=\"col-inner\"  >\n\t\t\t\n\t\t\t\n<ul class=\"sidebar-wrapper ul-reset\"><li id=\"text-15\" class=\"widget widget_text\">\t\t\t<div class=\"textwidget\"><div class=\"wpcf7 no-js\" id=\"wpcf7-f9-o1\" lang=\"en-US\" dir=\"ltr\" data-wpcf7-id=\"9\">\n<div class=\"screen-reader-response\">\n<p role=\"status\" aria-live=\"polite\" aria-atomic=\"true\">\n<ul><\/ul>\n<\/div>\n<form action=\"\/es\/wp-json\/wp\/v2\/pages\/3738#wpcf7-f9-o1\" method=\"post\" class=\"wpcf7-form init cf7mls-no-scroll cf7mls-no-moving-animation\" aria-label=\"Formulario de contacto\" novalidate=\"novalidate\" data-status=\"init\" data-trp-original-action=\"\/es\/wp-json\/wp\/v2\/pages\/3738#wpcf7-f9-o1\">\n<fieldset class=\"hidden-fields-container\"><input type=\"hidden\" name=\"_wpcf7\" value=\"9\" \/><input type=\"hidden\" name=\"_wpcf7_version\" value=\"6.1.4\" \/><input type=\"hidden\" name=\"_wpcf7_locale\" value=\"en_US\" \/><input type=\"hidden\" name=\"_wpcf7_unit_tag\" value=\"wpcf7-f9-o1\" \/><input type=\"hidden\" name=\"_wpcf7_container_post\" value=\"0\" \/><input type=\"hidden\" name=\"_wpcf7_posted_data_hash\" value=\"\" \/><input type=\"hidden\" name=\"_wpcf7cf_hidden_group_fields\" value=\"[]\" \/><input type=\"hidden\" name=\"_wpcf7cf_hidden_groups\" value=\"[]\" \/><input type=\"hidden\" name=\"_wpcf7cf_visible_groups\" value=\"[]\" \/><input type=\"hidden\" name=\"_wpcf7cf_repeaters\" value=\"[]\" \/><input type=\"hidden\" name=\"_wpcf7cf_steps\" value=\"{}\" \/><input type=\"hidden\" name=\"_wpcf7cf_options\" value=\"{&quot;form_id&quot;:9,&quot;conditions&quot;:[],&quot;settings&quot;:{&quot;animation&quot;:&quot;yes&quot;,&quot;animation_intime&quot;:200,&quot;animation_outtime&quot;:200,&quot;conditions_ui&quot;:&quot;normal&quot;,&quot;notice_dismissed&quot;:false}}\" \/><br \/>\n<\/fieldset>\n<p><center><\/p>\n<h4><span style=\"color: #00174c;\">CONSULTA GRATUITA<\/span><br \/>\n\t<\/h4>\n<p><span style=\"color: #00174c;\">Rellene el formulario para solicitar una consulta gratuita.<\/span>\n\t<\/p>\n<p><\/center><br \/>\n<center><\/p>\n<p><span class=\"wpcf7-form-control-wrap\" data-name=\"your-name\"><input size=\"40\" maxlength=\"400\" class=\"wpcf7-form-control wpcf7-text wpcf7-validates-as-required\" aria-required=\"true\" aria-invalid=\"false\" placeholder=\"Nombre\" value=\"\" type=\"text\" name=\"your-name\" \/><\/span>\n\t<\/p>\n<p><span class=\"wpcf7-form-control-wrap\" data-name=\"your-email\"><input size=\"40\" maxlength=\"400\" class=\"wpcf7-form-control wpcf7-email wpcf7-text wpcf7-validates-as-email\" aria-invalid=\"false\" placeholder=\"Correo electr\u00f3nico\" value=\"\" type=\"email\" name=\"your-email\" \/><\/span>\n\t<\/p>\n<p><span class=\"wpcf7-form-control-wrap\" data-name=\"tel-545\"><input size=\"40\" maxlength=\"400\" class=\"wpcf7-form-control wpcf7-tel wpcf7-text wpcf7-validates-as-tel\" aria-invalid=\"false\" placeholder=\"Su n\u00famero de tel\u00e9fono\" value=\"\" type=\"tel\" name=\"tel-545\" \/><\/span>\n\t<\/p>\n<p><span class=\"wpcf7-form-control-wrap\" data-name=\"your-message\"><textarea cols=\"40\" rows=\"10\" maxlength=\"2000\" class=\"wpcf7-form-control wpcf7-textarea\" aria-invalid=\"false\" placeholder=\"\u00bfC\u00f3mo podemos ayudarle?\" name=\"your-message\"><\/textarea><\/span>\n\t<\/p>\n<p><input class=\"wpcf7-form-control wpcf7-submit has-spinner button\" type=\"submit\" value=\"Enviar solicitud\" \/>\n\t<\/p>\n<p><\/center><input\n                    class=\"apbct_special_field apbct_email_id__wp_contact_form_7\"\n                    name=\"apbct__email_id__wp_contact_form_7\"\n                    aria-label=\"apbct__label_id__wp_contact_form_7\"\n                    type=\"text\" size=\"30\" maxlength=\"200\" autocomplete=\"off\"\n                    value=\"\"\n                \/><\/p>\n<div class=\"wpcf7-response-output\" aria-hidden=\"true\"><\/div>\n<input type=\"hidden\" name=\"trp-form-language\" value=\"es\"\/><\/form>\n<\/div>\n<\/div>\n\t\t<\/li><\/ul>\n<h2><span style=\"text-decoration: underline;\"><strong>V\u00eddeos relacionados<\/strong><\/span><\/h2>\n<ul>\n<li class=\"bullet-arrow\"><strong><a href=\"https:\/\/myazdentist.com\/es\/el-proceso-del-miniimplante-dental\/\">\u00bfCu\u00e1l es el proceso para hacerse un miniimplante dental?<\/a><\/strong><\/li>\n<li class=\"bullet-arrow\"><a href=\"https:\/\/myazdentist.com\/es\/quien-es-candidato-a-un-miniimplante-dental\/\"><strong>\u00bfQui\u00e9n es candidato a un miniimplante dental?<\/strong><\/a><\/li>\n<li class=\"bullet-arrow\"><a href=\"https:\/\/myazdentist.com\/es\/que-es-una-protesis-implantosoportada\/\"><b>\u00bfQu\u00e9 es una pr\u00f3tesis implantosoportada?<\/b><\/a><\/li>\n<li class=\"bullet-arrow\"><a href=\"https:\/\/myazdentist.com\/es\/el-proceso-de-protesis-implantosoportada\/\"><strong>El proceso de la pr\u00f3tesis implantosoportada<\/strong><\/a><\/li>\n<li class=\"bullet-arrow\"><a href=\"https:\/\/myazdentist.com\/es\/financiacion-de-miniimplantes-dentales\/\"><strong>\u00bfSe pueden financiar los miniimplantes dentales?<\/strong><\/a><\/li>\n<\/ul>\n\t\t<\/div>\n\t\t\t\t\t<\/div>\n\n\t\n<\/div>\n\t\t<\/div>\n\n\t\t\n<style>\n#section_1776543782 {\n  padding-top: 30px;\n  padding-bottom: 30px;\n}\n#section_1776543782 .ux-shape-divider--top svg {\n  height: 150px;\n  --divider-top-width: 100%;\n}\n#section_1776543782 .ux-shape-divider--bottom svg {\n  height: 150px;\n  --divider-width: 100%;\n}\n<\/style>\n\t<\/section>","protected":false},"excerpt":{"rendered":"","protected":false},"author":4,"featured_media":3874,"parent":0,"menu_order":0,"comment_status":"closed","ping_status":"closed","template":"page-blank.php","meta":{"rop_custom_images_group":[],"rop_custom_messages_group":[],"rop_publish_now":"initial","rop_publish_now_accounts":{"gmb_109265489736877664202_accounts\/109265489736877664202\/locations\/16903312283493934":"","twitter_1494003451084353538_1494003451084353538":""},"rop_publish_now_history":[],"rop_publish_now_status":"pending","footnotes":""},"class_list":["post-3738","page","type-page","status-publish","has-post-thumbnail","hentry"],"yoast_head":"<!-- This site is optimized with the Yoast SEO plugin v26.8 - https:\/\/yoast.com\/product\/yoast-seo-wordpress\/ -->\n<title>Stabilizing a Denture With Mini Dental Implants | Scottsdale, AZ<\/title>\n<meta name=\"description\" content=\"In this video, Dr. Seerat Mann explains the option of adding implants to your existing denture, providing stability that can last a lifetime.\" \/>\n<meta name=\"robots\" content=\"index, follow, max-snippet:-1, max-image-preview:large, max-video-preview:-1\" \/>\n<link rel=\"canonical\" href=\"https:\/\/myazdentist.com\/es\/estabilizar-una-dentadura-postiza-con-miniimplantes-dentales\/\" \/>\n<meta property=\"og:locale\" content=\"es_MX\" \/>\n<meta property=\"og:type\" content=\"article\" \/>\n<meta property=\"og:title\" content=\"Stabilizing a Denture With Mini Dental Implants | Scottsdale, AZ\" \/>\n<meta property=\"og:description\" content=\"In this video, Dr. Seerat Mann explains the option of adding implants to your existing denture, providing stability that can last a lifetime.\" \/>\n<meta property=\"og:url\" content=\"https:\/\/myazdentist.com\/es\/estabilizar-una-dentadura-postiza-con-miniimplantes-dentales\/\" \/>\n<meta property=\"og:site_name\" content=\"Mini Dental Implant Centers of America - Scottsdale, Arizona\" \/>\n<meta property=\"article:publisher\" content=\"https:\/\/www.facebook.com\/MDICAScottsdale\/\" \/>\n<meta property=\"article:modified_time\" content=\"2023-10-17T20:47:02+00:00\" \/>\n<meta property=\"og:image\" content=\"https:\/\/myazdentist.com\/wp-content\/uploads\/2023\/10\/Stabilizing-a-Denture-With-Mini-Dental-Implants-Scottsdale-AZ.gif\" \/>\n\t<meta property=\"og:image:width\" content=\"500\" \/>\n\t<meta property=\"og:image:height\" content=\"281\" \/>\n\t<meta property=\"og:image:type\" content=\"image\/gif\" \/>\n<meta name=\"twitter:card\" content=\"summary_large_image\" \/>\n<meta name=\"twitter:site\" content=\"@myazdentist\" \/>\n<meta name=\"twitter:label1\" content=\"Tiempo de lectura\" \/>\n\t<meta name=\"twitter:data1\" content=\"1 minuto\" \/>\n<script type=\"application\/ld+json\" class=\"yoast-schema-graph\">{\"@context\":\"https:\/\/schema.org\",\"@graph\":[{\"@type\":\"WebPage\",\"@id\":\"https:\/\/myazdentist.com\/stabilizing-a-denture-with-mini-dental-implants\/\",\"url\":\"https:\/\/myazdentist.com\/stabilizing-a-denture-with-mini-dental-implants\/\",\"name\":\"Stabilizing a Denture With Mini Dental Implants | Scottsdale, AZ\",\"isPartOf\":{\"@id\":\"https:\/\/myazdentist.com\/#website\"},\"primaryImageOfPage\":{\"@id\":\"https:\/\/myazdentist.com\/stabilizing-a-denture-with-mini-dental-implants\/#primaryimage\"},\"image\":{\"@id\":\"https:\/\/myazdentist.com\/stabilizing-a-denture-with-mini-dental-implants\/#primaryimage\"},\"thumbnailUrl\":\"https:\/\/myazdentist.com\/wp-content\/uploads\/2023\/10\/Stabilizing-a-Denture-With-Mini-Dental-Implants-Scottsdale-AZ.gif\",\"datePublished\":\"2023-10-17T17:59:07+00:00\",\"dateModified\":\"2023-10-17T20:47:02+00:00\",\"description\":\"In this video, Dr. Seerat Mann explains the option of adding implants to your existing denture, providing stability that can last a lifetime.\",\"breadcrumb\":{\"@id\":\"https:\/\/myazdentist.com\/stabilizing-a-denture-with-mini-dental-implants\/#breadcrumb\"},\"inLanguage\":\"es\",\"potentialAction\":[{\"@type\":\"ReadAction\",\"target\":[\"https:\/\/myazdentist.com\/stabilizing-a-denture-with-mini-dental-implants\/\"]}]},{\"@type\":\"ImageObject\",\"inLanguage\":\"es\",\"@id\":\"https:\/\/myazdentist.com\/stabilizing-a-denture-with-mini-dental-implants\/#primaryimage\",\"url\":\"https:\/\/myazdentist.com\/wp-content\/uploads\/2023\/10\/Stabilizing-a-Denture-With-Mini-Dental-Implants-Scottsdale-AZ.gif\",\"contentUrl\":\"https:\/\/myazdentist.com\/wp-content\/uploads\/2023\/10\/Stabilizing-a-Denture-With-Mini-Dental-Implants-Scottsdale-AZ.gif\",\"width\":500,\"height\":281,\"caption\":\"Stabilizing a Denture With Mini Dental Implants Scottsdale, AZ\"},{\"@type\":\"BreadcrumbList\",\"@id\":\"https:\/\/myazdentist.com\/stabilizing-a-denture-with-mini-dental-implants\/#breadcrumb\",\"itemListElement\":[{\"@type\":\"ListItem\",\"position\":1,\"name\":\"Home\",\"item\":\"https:\/\/myazdentist.com\/\"},{\"@type\":\"ListItem\",\"position\":2,\"name\":\"Stabilizing a Denture With Mini Dental Implants\"}]},{\"@type\":\"WebSite\",\"@id\":\"https:\/\/myazdentist.com\/#website\",\"url\":\"https:\/\/myazdentist.com\/\",\"name\":\"Mini Dental Implant Centers of America - Scottsdale, Arizona\",\"description\":\"Mini Dental Implants in Scottsdale, AZ\",\"publisher\":{\"@id\":\"https:\/\/myazdentist.com\/#organization\"},\"potentialAction\":[{\"@type\":\"SearchAction\",\"target\":{\"@type\":\"EntryPoint\",\"urlTemplate\":\"https:\/\/myazdentist.com\/?s={search_term_string}\"},\"query-input\":{\"@type\":\"PropertyValueSpecification\",\"valueRequired\":true,\"valueName\":\"search_term_string\"}}],\"inLanguage\":\"es\"},{\"@type\":\"Organization\",\"@id\":\"https:\/\/myazdentist.com\/#organization\",\"name\":\"Mini Dental Implant Centers of America - Scottsdale, AZ\",\"url\":\"https:\/\/myazdentist.com\/\",\"logo\":{\"@type\":\"ImageObject\",\"inLanguage\":\"es\",\"@id\":\"https:\/\/myazdentist.com\/#\/schema\/logo\/image\/\",\"url\":\"https:\/\/myazdentist.com\/wp-content\/uploads\/2022\/02\/Mini-Dental-Implant-Centers-of-America-Scottsdale-AZ-Changing-Lives.jpg\",\"contentUrl\":\"https:\/\/myazdentist.com\/wp-content\/uploads\/2022\/02\/Mini-Dental-Implant-Centers-of-America-Scottsdale-AZ-Changing-Lives.jpg\",\"width\":500,\"height\":500,\"caption\":\"Mini Dental Implant Centers of America - Scottsdale, AZ\"},\"image\":{\"@id\":\"https:\/\/myazdentist.com\/#\/schema\/logo\/image\/\"},\"sameAs\":[\"https:\/\/www.facebook.com\/MDICAScottsdale\/\",\"https:\/\/x.com\/myazdentist\",\"https:\/\/www.instagram.com\/miniimplantsarizona\/\",\"https:\/\/www.pinterest.com\/MiniDentalImplantsScottsdaleAZ\/\",\"https:\/\/www.youtube.com\/channel\/UCWrEQsVePQIce89sHLW7DtA\"]}]}<\/script>\n<!-- \/ Yoast SEO plugin. -->","yoast_head_json":{"title":"Estabilizar una dentadura con mini implantes dentales | Scottsdale, AZ","description":"En este v\u00eddeo, el Dr. Seerat Mann explica la opci\u00f3n de a\u00f1adir implantes a su dentadura existente, proporcionando una estabilidad que puede durar toda la vida.","robots":{"index":"index","follow":"follow","max-snippet":"max-snippet:-1","max-image-preview":"max-image-preview:large","max-video-preview":"max-video-preview:-1"},"canonical":"https:\/\/myazdentist.com\/es\/estabilizar-una-dentadura-postiza-con-miniimplantes-dentales\/","og_locale":"es_MX","og_type":"article","og_title":"Stabilizing a Denture With Mini Dental Implants | Scottsdale, AZ","og_description":"In this video, Dr. Seerat Mann explains the option of adding implants to your existing denture, providing stability that can last a lifetime.","og_url":"https:\/\/myazdentist.com\/es\/estabilizar-una-dentadura-postiza-con-miniimplantes-dentales\/","og_site_name":"Mini Dental Implant Centers of America - Scottsdale, Arizona","article_publisher":"https:\/\/www.facebook.com\/MDICAScottsdale\/","article_modified_time":"2023-10-17T20:47:02+00:00","og_image":[{"width":500,"height":281,"url":"https:\/\/myazdentist.com\/wp-content\/uploads\/2023\/10\/Stabilizing-a-Denture-With-Mini-Dental-Implants-Scottsdale-AZ.gif","type":"image\/gif"}],"twitter_card":"summary_large_image","twitter_site":"@myazdentist","twitter_misc":{"Tiempo de lectura":"1 minuto"},"schema":{"@context":"https:\/\/schema.org","@graph":[{"@type":"WebPage","@id":"https:\/\/myazdentist.com\/stabilizing-a-denture-with-mini-dental-implants\/","url":"https:\/\/myazdentist.com\/stabilizing-a-denture-with-mini-dental-implants\/","name":"Estabilizar una dentadura con mini implantes dentales | Scottsdale, AZ","isPartOf":{"@id":"https:\/\/myazdentist.com\/#website"},"primaryImageOfPage":{"@id":"https:\/\/myazdentist.com\/stabilizing-a-denture-with-mini-dental-implants\/#primaryimage"},"image":{"@id":"https:\/\/myazdentist.com\/stabilizing-a-denture-with-mini-dental-implants\/#primaryimage"},"thumbnailUrl":"https:\/\/myazdentist.com\/wp-content\/uploads\/2023\/10\/Stabilizing-a-Denture-With-Mini-Dental-Implants-Scottsdale-AZ.gif","datePublished":"2023-10-17T17:59:07+00:00","dateModified":"2023-10-17T20:47:02+00:00","description":"En este v\u00eddeo, el Dr. Seerat Mann explica la opci\u00f3n de a\u00f1adir implantes a su dentadura existente, proporcionando una estabilidad que puede durar toda la vida.","breadcrumb":{"@id":"https:\/\/myazdentist.com\/stabilizing-a-denture-with-mini-dental-implants\/#breadcrumb"},"inLanguage":"es","potentialAction":[{"@type":"ReadAction","target":["https:\/\/myazdentist.com\/stabilizing-a-denture-with-mini-dental-implants\/"]}]},{"@type":"ImageObject","inLanguage":"es","@id":"https:\/\/myazdentist.com\/stabilizing-a-denture-with-mini-dental-implants\/#primaryimage","url":"https:\/\/myazdentist.com\/wp-content\/uploads\/2023\/10\/Stabilizing-a-Denture-With-Mini-Dental-Implants-Scottsdale-AZ.gif","contentUrl":"https:\/\/myazdentist.com\/wp-content\/uploads\/2023\/10\/Stabilizing-a-Denture-With-Mini-Dental-Implants-Scottsdale-AZ.gif","width":500,"height":281,"caption":"Stabilizing a Denture With Mini Dental Implants Scottsdale, AZ"},{"@type":"BreadcrumbList","@id":"https:\/\/myazdentist.com\/stabilizing-a-denture-with-mini-dental-implants\/#breadcrumb","itemListElement":[{"@type":"ListItem","position":1,"name":"Home","item":"https:\/\/myazdentist.com\/"},{"@type":"ListItem","position":2,"name":"Stabilizing a Denture With Mini Dental Implants"}]},{"@type":"WebSite","@id":"https:\/\/myazdentist.com\/#website","url":"https:\/\/myazdentist.com\/","name":"Mini Dental Implant Centers of America - Scottsdale, Arizona","description":"Mini Implantes Dentales en Scottsdale, AZ","publisher":{"@id":"https:\/\/myazdentist.com\/#organization"},"potentialAction":[{"@type":"SearchAction","target":{"@type":"EntryPoint","urlTemplate":"https:\/\/myazdentist.com\/?s={search_term_string}"},"query-input":{"@type":"PropertyValueSpecification","valueRequired":true,"valueName":"search_term_string"}}],"inLanguage":"es"},{"@type":"Organization","@id":"https:\/\/myazdentist.com\/#organization","name":"Mini Dental Implant Centers of America - Scottsdale, AZ","url":"https:\/\/myazdentist.com\/","logo":{"@type":"ImageObject","inLanguage":"es","@id":"https:\/\/myazdentist.com\/#\/schema\/logo\/image\/","url":"https:\/\/myazdentist.com\/wp-content\/uploads\/2022\/02\/Mini-Dental-Implant-Centers-of-America-Scottsdale-AZ-Changing-Lives.jpg","contentUrl":"https:\/\/myazdentist.com\/wp-content\/uploads\/2022\/02\/Mini-Dental-Implant-Centers-of-America-Scottsdale-AZ-Changing-Lives.jpg","width":500,"height":500,"caption":"Mini Dental Implant Centers of America - Scottsdale, AZ"},"image":{"@id":"https:\/\/myazdentist.com\/#\/schema\/logo\/image\/"},"sameAs":["https:\/\/www.facebook.com\/MDICAScottsdale\/","https:\/\/x.com\/myazdentist","https:\/\/www.instagram.com\/miniimplantsarizona\/","https:\/\/www.pinterest.com\/MiniDentalImplantsScottsdaleAZ\/","https:\/\/www.youtube.com\/channel\/UCWrEQsVePQIce89sHLW7DtA"]}]}},"_links":{"self":[{"href":"https:\/\/myazdentist.com\/es\/wp-json\/wp\/v2\/pages\/3738","targetHints":{"allow":["GET"]}}],"collection":[{"href":"https:\/\/myazdentist.com\/es\/wp-json\/wp\/v2\/pages"}],"about":[{"href":"https:\/\/myazdentist.com\/es\/wp-json\/wp\/v2\/types\/page"}],"author":[{"embeddable":true,"href":"https:\/\/myazdentist.com\/es\/wp-json\/wp\/v2\/users\/4"}],"replies":[{"embeddable":true,"href":"https:\/\/myazdentist.com\/es\/wp-json\/wp\/v2\/comments?post=3738"}],"version-history":[{"count":0,"href":"https:\/\/myazdentist.com\/es\/wp-json\/wp\/v2\/pages\/3738\/revisions"}],"wp:featuredmedia":[{"embeddable":true,"href":"https:\/\/myazdentist.com\/es\/wp-json\/wp\/v2\/media\/3874"}],"wp:attachment":[{"href":"https:\/\/myazdentist.com\/es\/wp-json\/wp\/v2\/media?parent=3738"}],"curies":[{"name":"wp","href":"https:\/\/api.w.org\/{rel}","templated":true}]}}