{"id":44,"date":"2021-10-09T02:19:28","date_gmt":"2021-10-09T06:19:28","guid":{"rendered":"http:\/\/myazdentist.wpengine.com\/?page_id=44"},"modified":"2024-03-11T16:40:56","modified_gmt":"2024-03-11T20:40:56","slug":"testimonials","status":"publish","type":"page","link":"https:\/\/myazdentist.com\/es\/testimonios\/","title":{"rendered":"Testimonios"},"content":{"rendered":"<section class=\"section has-parallax\" id=\"section_1558627141\">\n\t\t<div class=\"bg section-bg fill bg-fill bg-loaded\" data-parallax-container=\".section\" data-parallax-background data-parallax=\"-7\">\n\n\t\t\t\n\t\t\t\n\t\t\t\n\n\t\t<\/div>\n\n\t\t\n\n\t\t<div class=\"section-content relative\">\n\t\t\t\n\t<div id=\"gap-1528990483\" class=\"gap-element clearfix\" style=\"display:block; height:auto;\">\n\t\t\n<style>\n#gap-1528990483 {\n  padding-top: 30px;\n}\n<\/style>\n\t<\/div>\n\t\n<div class=\"row\"  id=\"row-2091717057\">\n\n\t<div id=\"col-85026620\" class=\"col medium-6 small-12 large-6\"  >\n\t\t\t\t<div class=\"col-inner\"  >\n\t\t\t\n\t\t\t\n<div class=\"video video-fit mb\" style=\"padding-top:56.25%;\"><p><iframe loading=\"lazy\" title=\"Testimonios de Pacientes Mini Dental Implant Centers of America Scottsdale, AZ\" width=\"1020\" height=\"574\" src=\"https:\/\/www.youtube.com\/embed\/pIn9Pi2USLg?wmode=transparent&amp;rel=0&amp;feature=oembed\" frameborder=\"0\" allow=\"accelerometer; autoplay; clipboard-write; encrypted-media; gyroscope; picture-in-picture\" allowfullscreen><\/iframe><\/p>\n<\/div>\n\t\t<\/div>\n\t\t\t\t\t<\/div>\n\n\t\n\n\t<div id=\"col-1186088677\" class=\"col medium-6 small-12 large-6\"  >\n\t\t\t\t<div class=\"col-inner\"  >\n\t\t\t\n\t\t\t\n<div class=\"video video-fit mb\" style=\"padding-top:56.25%;\"><p><iframe loading=\"lazy\" title=\"Testimonio de un paciente (espa\u00f1ol) Mini Dental Implant Centers of America - Scottsdale, AZ\" width=\"1020\" height=\"574\" src=\"https:\/\/www.youtube.com\/embed\/As-DrPo7zLQ?wmode=transparent&amp;rel=0&amp;feature=oembed\" frameborder=\"0\" allow=\"accelerometer; autoplay; clipboard-write; encrypted-media; gyroscope; picture-in-picture\" allowfullscreen><\/iframe><\/p>\n<\/div>\n\t\t<\/div>\n\t\t\t\t\t<\/div>\n\n\t\n<\/div>\n<div class=\"row align-equal align-center\"  id=\"row-1984369234\">\n\n\t<div id=\"col-2120732518\" class=\"col medium-12 small-12 large-4\"  >\n\t\t\t\t<div class=\"col-inner text-center\"  >\n\t\t\t\n\t\t\t\n  <div class=\"icon-box testimonial-box icon-box-center text-center\">\n                <div class=\"icon-box-text p-last-0\">\n            \t\t\t\t<div class=\"testimonial-text line-height-small italic test_text first-reset last-reset is-italic\">\n            \n<p><img loading=\"lazy\" decoding=\"async\" class=\"size-full wp-image-120 aligncenter\" src=\"https:\/\/myazdentist.com\/wp-content\/uploads\/2022\/02\/5-Star-Review-Mini-Dental-Implants-in-Scottsdale-Arizona.png\" alt=\"5-Star-Review---Mini Implantes Dentales en Scottsdale, Arizona\" width=\"200\" height=\"36\" \/><\/p>\n<p>\u00a1El Dr. Shatkin y el Dr. Mann hacen un gran equipo! He visto a ambos y ambos realmente se preocuparon por m\u00ed. La consulta fue gratuita e incluso incluy\u00f3 una radiograf\u00eda. \u00a1Me faltaba un diente y fueron capaces de reemplazarlo en 2 visitas! \u00a1Incre\u00edble! \u00a1Gracias a ambos por su calidad, la odontolog\u00eda asequible!<\/p>\n          <\/div>\n          <div class=\"testimonial-meta pt-half\">\n             <strong class=\"testimonial-name test_name\">Mark A.<\/strong>\n             <span class=\"testimonial-name-divider\"> \/ <\/span>             <span class=\"testimonial-company test_company\">Google<\/span>\n          <\/div>\n        <\/div>\n  <\/div>\n\n  \n\t\t<\/div>\n\t\t\t\t\t<\/div>\n\n\t\n\n\t<div id=\"col-1097451152\" class=\"col medium-12 small-12 large-4\"  >\n\t\t\t\t<div class=\"col-inner\"  >\n\t\t\t\n\t\t\t\n  <div class=\"icon-box testimonial-box icon-box-center text-center\">\n                <div class=\"icon-box-text p-last-0\">\n            \t\t\t\t<div class=\"testimonial-text line-height-small italic test_text first-reset last-reset is-italic\">\n            \n<p><img loading=\"lazy\" decoding=\"async\" class=\"size-full wp-image-120 aligncenter\" src=\"https:\/\/myazdentist.com\/wp-content\/uploads\/2022\/02\/5-Star-Review-Mini-Dental-Implants-in-Scottsdale-Arizona.png\" alt=\"5-Star-Review---Mini Implantes Dentales en Scottsdale, Arizona\" width=\"200\" height=\"36\" \/><\/p>\n<p>El Dr. Shatkin y el Dr. Mann hicieron un gran trabajo para m\u00ed. Entr\u00e9 en su Mini Dental Implant Center of America en Scottsdale falta de dos dientes inferiores, tomaron una radiograf\u00eda gratis y me mostr\u00f3 lo que mis nuevos dientes se ver\u00eda en un modelo. Todo este procedimiento tom\u00f3 menos de 1 hora sin ning\u00fan dolor. Yo recomendar\u00eda mini implantes dentales a cualquiera.<\/p>\n          <\/div>\n          <div class=\"testimonial-meta pt-half\">\n             <strong class=\"testimonial-name test_name\">Tom F.<\/strong>\n             <span class=\"testimonial-name-divider\"> \/ <\/span>             <span class=\"testimonial-company test_company\">Google<\/span>\n          <\/div>\n        <\/div>\n  <\/div>\n\n  \n\t\t<\/div>\n\t\t\t\t\t<\/div>\n\n\t\n\n\t<div id=\"col-1491788867\" class=\"col medium-12 small-12 large-4\"  >\n\t\t\t\t<div class=\"col-inner\"  >\n\t\t\t\n\t\t\t\n  <div class=\"icon-box testimonial-box icon-box-center text-center\">\n                <div class=\"icon-box-text p-last-0\">\n            \t\t\t\t<div class=\"testimonial-text line-height-small italic test_text first-reset last-reset is-italic\">\n            \n<p><img loading=\"lazy\" decoding=\"async\" class=\"size-full wp-image-120 aligncenter\" src=\"https:\/\/myazdentist.com\/wp-content\/uploads\/2022\/02\/5-Star-Review-Mini-Dental-Implants-in-Scottsdale-Arizona.png\" alt=\"5-Star-Review---Mini Implantes Dentales en Scottsdale, Arizona\" width=\"200\" height=\"36\" \/><\/p>\n<p>La Dra. Seerat es m\u00e1s que impresionante, es un verdadero alivio tenerla a ella y a todo el personal all\u00ed. Me estoy preparando para algunos trabajos dentales graves y son muy tranquilizador y sin duda me gu\u00eda a trav\u00e9s de mis opciones con facilidad. Corr\u00ed tanto tiempo del dentista por miedo, estoy feliz de que mi \u00faltimo recurso fue la Dra. Seerat. Ella ser\u00e1 mi dentista para siempre mientras yo pueda opinar \ud83d\ude42 .<\/p>\n          <\/div>\n          <div class=\"testimonial-meta pt-half\">\n             <strong class=\"testimonial-name test_name\">Ebony L.<\/strong>\n             <span class=\"testimonial-name-divider\"> \/ <\/span>             <span class=\"testimonial-company test_company\">Google<\/span>\n          <\/div>\n        <\/div>\n  <\/div>\n\n  \n\t\t<\/div>\n\t\t\t\t\t<\/div>\n\n\t\n\n\t<div id=\"col-1640777047\" class=\"col small-12 large-12\"  >\n\t\t\t\t<div class=\"col-inner text-center\"  >\n\t\t\t\n\t\t\t\n<a data-animate=\"bounceIn\" rel=\"noopener noreferrer\" href=\"https:\/\/g.page\/r\/CR6iSS1AO8INEAg\/review\" target=\"_blank\" class=\"button secondary is-outline is-large\"  >\n    <span>Deja tu opini\u00f3n<\/span>\n  <\/a>\n\n\t\t<\/div>\n\t\t\t\t\t<\/div>\n\n\t\n\n<style>\n#row-1984369234 > .col > .col-inner {\n  padding: 40px 25px 40px 25px;\n  background-color: rgba(255, 255, 255, 0.95);\n}\n@media (min-width:550px) {\n  #row-1984369234 > .col > .col-inner {\n    padding: 40px 25px 40px 25px;\n  }\n}\n<\/style>\n<\/div>\n\t\t<\/div>\n\n\t\t\n<style>\n#section_1558627141 {\n  padding-top: 30px;\n  padding-bottom: 30px;\n}\n#section_1558627141 .section-bg.bg-loaded {\n  background-image: url(https:\/\/myazdentist.com\/wp-content\/uploads\/2022\/02\/Mini-Dental-Implants-in-Scottsdale-Arizona-Dr.-Seratt-Mann-DDS.jpg);\n}\n#section_1558627141 .ux-shape-divider--top svg {\n  height: 150px;\n  --divider-top-width: 100%;\n}\n#section_1558627141 .ux-shape-divider--bottom svg {\n  height: 150px;\n  --divider-width: 100%;\n}\n<\/style>\n\t<\/section>\n\t\n\t<section class=\"section\" id=\"section_768735844\">\n\t\t<div class=\"bg section-bg fill bg-fill bg-loaded\" >\n\n\t\t\t\n\t\t\t<div class=\"section-bg-overlay absolute fill\"><\/div>\n\t\t\t\n\n\t\t<\/div>\n\n\t\t\n\n\t\t<div class=\"section-content relative\">\n\t\t\t\n\t<div id=\"gap-1430080994\" class=\"gap-element clearfix\" style=\"display:block; height:auto;\">\n\t\t\n<style>\n#gap-1430080994 {\n  padding-top: 30px;\n}\n<\/style>\n\t<\/div>\n\t\n<div class=\"row\"  id=\"row-1016670909\">\n\n\t<div id=\"col-1036765919\" class=\"col small-12 large-12\"  >\n\t\t\t\t<div class=\"col-inner\"  >\n\t\t\t\n\t\t\t\n<div class=\"row row-collapse align-bottom\"  id=\"row-1380385579\">\n\n\t<div id=\"col-915439840\" class=\"col medium-12 small-12 large-6 small-col-first\"  >\n\t\t\t\t<div class=\"col-inner text-center\"  >\n\t\t\t\n\t\t\t\n\t<div id=\"gap-1128870533\" class=\"gap-element clearfix\" style=\"display:block; height:auto;\">\n\t\t\n<style>\n#gap-1128870533 {\n  padding-top: 10px;\n}\n<\/style>\n\t<\/div>\n\t\n\n<div class=\"wpcf7 no-js\" id=\"wpcf7-f9-o1\" lang=\"en-US\" dir=\"ltr\" data-wpcf7-id=\"9\">\n<div class=\"screen-reader-response\"><p role=\"status\" aria-live=\"polite\" aria-atomic=\"true\"><\/p> <ul><\/ul><\/div>\n<form action=\"\/es\/wp-json\/wp\/v2\/pages\/44#wpcf7-f9-o1\" method=\"post\" class=\"wpcf7-form init cf7mls-no-scroll cf7mls-no-moving-animation\" aria-label=\"Formulario de contacto\" novalidate=\"novalidate\" data-status=\"init\" data-trp-original-action=\"\/es\/wp-json\/wp\/v2\/pages\/44#wpcf7-f9-o1\">\n<fieldset class=\"hidden-fields-container\"><input type=\"hidden\" name=\"_wpcf7\" value=\"9\" \/><input type=\"hidden\" name=\"_wpcf7_version\" value=\"6.1.5\" \/><input type=\"hidden\" name=\"_wpcf7_locale\" value=\"en_US\" \/><input type=\"hidden\" name=\"_wpcf7_unit_tag\" value=\"wpcf7-f9-o1\" \/><input type=\"hidden\" name=\"_wpcf7_container_post\" value=\"0\" \/><input type=\"hidden\" name=\"_wpcf7_posted_data_hash\" value=\"\" \/><input type=\"hidden\" name=\"_wpcf7cf_hidden_group_fields\" value=\"[]\" \/><input type=\"hidden\" name=\"_wpcf7cf_hidden_groups\" value=\"[]\" \/><input type=\"hidden\" name=\"_wpcf7cf_visible_groups\" value=\"[]\" \/><input type=\"hidden\" name=\"_wpcf7cf_repeaters\" value=\"[]\" \/><input type=\"hidden\" name=\"_wpcf7cf_steps\" value=\"{}\" \/><input type=\"hidden\" name=\"_wpcf7cf_options\" value=\"{&quot;form_id&quot;:9,&quot;conditions&quot;:[],&quot;settings&quot;:{&quot;animation&quot;:&quot;yes&quot;,&quot;animation_intime&quot;:200,&quot;animation_outtime&quot;:200,&quot;conditions_ui&quot;:&quot;normal&quot;,&quot;notice_dismissed&quot;:false,&quot;repeater_remove_button&quot;:&quot;bottom&quot;}}\" \/>\n<\/fieldset>\n<center>\n\t<h4><span style=\"color: #00174c;\">CONSULTA GRATUITA<\/span>\n\t<\/h4>\n\t<p><span style=\"color: #00174c;\">Rellene el formulario para solicitar una consulta gratuita.<\/span>\n\t<\/p>\n<\/center>\n<center>\n\t<p><span class=\"wpcf7-form-control-wrap\" data-name=\"your-name\"><input size=\"40\" maxlength=\"400\" class=\"wpcf7-form-control wpcf7-text wpcf7-validates-as-required\" aria-required=\"true\" aria-invalid=\"false\" placeholder=\"Nombre\" value=\"\" type=\"text\" name=\"your-name\" \/><\/span>\n\t<\/p>\n\t<p><span class=\"wpcf7-form-control-wrap\" data-name=\"your-email\"><input size=\"40\" maxlength=\"400\" class=\"wpcf7-form-control wpcf7-email wpcf7-text wpcf7-validates-as-email\" aria-invalid=\"false\" placeholder=\"Correo electr\u00f3nico\" value=\"\" type=\"email\" name=\"your-email\" \/><\/span>\n\t<\/p>\n\t<p><span class=\"wpcf7-form-control-wrap\" data-name=\"tel-545\"><input size=\"40\" maxlength=\"400\" class=\"wpcf7-form-control wpcf7-tel wpcf7-text wpcf7-validates-as-tel\" aria-invalid=\"false\" placeholder=\"Su n\u00famero de tel\u00e9fono\" value=\"\" type=\"tel\" name=\"tel-545\" \/><\/span>\n\t<\/p>\n\t<p><span class=\"wpcf7-form-control-wrap\" data-name=\"your-message\"><textarea cols=\"40\" rows=\"10\" maxlength=\"2000\" class=\"wpcf7-form-control wpcf7-textarea\" aria-invalid=\"false\" placeholder=\"\u00bfC\u00f3mo podemos ayudarle?\" name=\"your-message\"><\/textarea><\/span>\n\t<\/p>\n<input class=\"wpcf7-form-control wpcf7-hidden\" value=\"When Would You Like To Start, and Any Questions?\" type=\"hidden\" name=\"field-name\" \/>\n\t<p><input class=\"wpcf7-form-control wpcf7-submit has-spinner button\" type=\"submit\" value=\"Enviar solicitud\" \/>\n\t<\/p>\n<\/center><input\n                    class=\"apbct_special_field apbct_email_id__wp_contact_form_7\"\n                    name=\"apbct__email_id__wp_contact_form_7\"\n                    aria-label=\"apbct__label_id__wp_contact_form_7\"\n                    type=\"text\" size=\"30\" maxlength=\"200\" autocomplete=\"off\"\n                    value=\"\"\n                \/><div class=\"wpcf7-response-output\" aria-hidden=\"true\"><\/div>\n<input type=\"hidden\" name=\"trp-form-language\" value=\"es\"\/><\/form>\n<\/div>\n\n\t\t<\/div>\n\t\t\t\t\n<style>\n#col-915439840 > .col-inner {\n  padding: 50px 30px 10px 30px;\n}\n@media (min-width:550px) {\n  #col-915439840 > .col-inner {\n    padding: 60px 70px 30px 70px;\n  }\n}\n<\/style>\n\t<\/div>\n\n\t\n\n\t<div id=\"col-1797865388\" class=\"col medium-12 small-12 large-6 medium-col-first\"  >\n\t\t\t\t<div class=\"col-inner\"  >\n\t\t\t\n\t\t\t\n\n<p><center><iframe loading=\"lazy\" style=\"border: 0;\" src=\"https:\/\/www.google.com\/maps\/embed?pb=!1m18!1m12!1m3!1d3327.4788032130646!2d-111.9278219487312!3d33.488917854556895!2m3!1f0!2f0!3f0!3m2!1i1024!2i768!4f13.1!3m3!1m2!1s0x872b0be29f8087cb%3A0xdc23b402d49a21e!2sMini%20Dental%20Implant%20Centers%20of%20America%20-%20Scottsdale%2C%20AZ!5e0!3m2!1sen!2sus!4v1644867032255!5m2!1sen!2sus\" width=\"600\" height=\"450\" allowfullscreen=\"allowfullscreen\" data-mce-fragment=\"1\"><\/iframe><\/center><br \/>\n\n\t\t<\/div>\n\t\t\t\t\t<\/div>\n\n\t\n<\/div>\n\t\t<\/div>\n\t\t\t\t\t<\/div>\n\n\t\n<\/div>\n\t\t<\/div>\n\n\t\t\n<style>\n#section_768735844 {\n  padding-top: 60px;\n  padding-bottom: 60px;\n}\n#section_768735844 .section-bg-overlay {\n  background-color: rgba(0, 23, 76, 0.8);\n}\n#section_768735844 .section-bg.bg-loaded {\n  background-image: url(https:\/\/myazdentist.com\/wp-content\/uploads\/2022\/02\/Dr.-Seerat-Mann-DDS-Mini-Dental-Implants-in-Scottsdale-Arizona-1-scaled.jpg);\n}\n#section_768735844 .ux-shape-divider--top svg {\n  height: 150px;\n  --divider-top-width: 100%;\n}\n#section_768735844 .ux-shape-divider--bottom svg {\n  height: 150px;\n  --divider-width: 100%;\n}\n@media (min-width:850px) {\n  #section_768735844 {\n    padding-top: 0px;\n    padding-bottom: 0px;\n  }\n}\n<\/style>\n\t<\/section>","protected":false},"excerpt":{"rendered":"","protected":false},"author":4,"featured_media":171,"parent":0,"menu_order":0,"comment_status":"closed","ping_status":"closed","template":"page-blank.php","meta":{"rop_custom_images_group":[],"rop_custom_messages_group":[],"rop_publish_now":"initial","rop_publish_now_accounts":{"gmb_109265489736877664202_accounts\/109265489736877664202\/locations\/16903312283493934":"","twitter_1494003451084353538_1494003451084353538":""},"rop_publish_now_history":[],"rop_publish_now_status":"pending","footnotes":""},"class_list":["post-44","page","type-page","status-publish","has-post-thumbnail","hentry"],"yoast_head":"<!-- This site is optimized with the Yoast SEO plugin v27.5 - https:\/\/yoast.com\/product\/yoast-seo-wordpress\/ -->\n<title>Testimonials | Patient Reviews | Mini Dental Implants in Scottsdale<\/title>\n<meta name=\"description\" content=\"Read testimonials from real patients about their experience at Mini Dental Implant Centers of America in Scottsdale, Arizona.\" \/>\n<meta name=\"robots\" content=\"index, follow, max-snippet:-1, max-image-preview:large, max-video-preview:-1\" \/>\n<link rel=\"canonical\" href=\"https:\/\/myazdentist.com\/es\/testimonios\/\" \/>\n<meta property=\"og:locale\" content=\"es_MX\" \/>\n<meta property=\"og:type\" content=\"article\" \/>\n<meta property=\"og:title\" content=\"Testimonials | Patient Reviews | Mini Dental Implants in Scottsdale\" \/>\n<meta property=\"og:description\" content=\"Read testimonials from real patients about their experience at Mini Dental Implant Centers of America in Scottsdale, Arizona.\" \/>\n<meta property=\"og:url\" content=\"https:\/\/myazdentist.com\/es\/testimonios\/\" \/>\n<meta property=\"og:site_name\" content=\"Mini Dental Implant Centers of America - Scottsdale, Arizona\" \/>\n<meta property=\"article:publisher\" content=\"https:\/\/www.facebook.com\/MDICAScottsdale\/\" \/>\n<meta property=\"article:modified_time\" content=\"2024-03-11T20:40:56+00:00\" \/>\n<meta property=\"og:image\" content=\"https:\/\/myazdentist.com\/wp-content\/uploads\/2022\/02\/Testimonials-Patient-Reviews-Mini-Dental-Implants-in-Scottsdale-Arizona.jpg\" \/>\n\t<meta property=\"og:image:width\" content=\"500\" \/>\n\t<meta property=\"og:image:height\" content=\"302\" \/>\n\t<meta property=\"og:image:type\" content=\"image\/jpeg\" \/>\n<meta name=\"twitter:card\" content=\"summary_large_image\" \/>\n<meta name=\"twitter:site\" content=\"@myazdentist\" \/>\n<meta name=\"twitter:label1\" content=\"Tiempo de lectura\" \/>\n\t<meta name=\"twitter:data1\" content=\"3 minutos\" \/>\n<script type=\"application\/ld+json\" class=\"yoast-schema-graph\">{\"@context\":\"https:\\\/\\\/schema.org\",\"@graph\":[{\"@type\":\"WebPage\",\"@id\":\"https:\\\/\\\/myazdentist.com\\\/testimonials\\\/\",\"url\":\"https:\\\/\\\/myazdentist.com\\\/testimonials\\\/\",\"name\":\"Testimonials | Patient Reviews | Mini Dental Implants in Scottsdale\",\"isPartOf\":{\"@id\":\"https:\\\/\\\/myazdentist.com\\\/#website\"},\"primaryImageOfPage\":{\"@id\":\"https:\\\/\\\/myazdentist.com\\\/testimonials\\\/#primaryimage\"},\"image\":{\"@id\":\"https:\\\/\\\/myazdentist.com\\\/testimonials\\\/#primaryimage\"},\"thumbnailUrl\":\"https:\\\/\\\/myazdentist.com\\\/wp-content\\\/uploads\\\/2022\\\/02\\\/Testimonials-Patient-Reviews-Mini-Dental-Implants-in-Scottsdale-Arizona.jpg\",\"datePublished\":\"2021-10-09T06:19:28+00:00\",\"dateModified\":\"2024-03-11T20:40:56+00:00\",\"description\":\"Read testimonials from real patients about their experience at Mini Dental Implant Centers of America in Scottsdale, Arizona.\",\"breadcrumb\":{\"@id\":\"https:\\\/\\\/myazdentist.com\\\/testimonials\\\/#breadcrumb\"},\"inLanguage\":\"es\",\"potentialAction\":[{\"@type\":\"ReadAction\",\"target\":[\"https:\\\/\\\/myazdentist.com\\\/testimonials\\\/\"]}]},{\"@type\":\"ImageObject\",\"inLanguage\":\"es\",\"@id\":\"https:\\\/\\\/myazdentist.com\\\/testimonials\\\/#primaryimage\",\"url\":\"https:\\\/\\\/myazdentist.com\\\/wp-content\\\/uploads\\\/2022\\\/02\\\/Testimonials-Patient-Reviews-Mini-Dental-Implants-in-Scottsdale-Arizona.jpg\",\"contentUrl\":\"https:\\\/\\\/myazdentist.com\\\/wp-content\\\/uploads\\\/2022\\\/02\\\/Testimonials-Patient-Reviews-Mini-Dental-Implants-in-Scottsdale-Arizona.jpg\",\"width\":500,\"height\":302,\"caption\":\"Testimonials-Patient-Reviews-Mini-Dental-Implants-in-Scottsdale-Arizona\"},{\"@type\":\"BreadcrumbList\",\"@id\":\"https:\\\/\\\/myazdentist.com\\\/testimonials\\\/#breadcrumb\",\"itemListElement\":[{\"@type\":\"ListItem\",\"position\":1,\"name\":\"Home\",\"item\":\"https:\\\/\\\/myazdentist.com\\\/\"},{\"@type\":\"ListItem\",\"position\":2,\"name\":\"Testimonials\"}]},{\"@type\":\"WebSite\",\"@id\":\"https:\\\/\\\/myazdentist.com\\\/#website\",\"url\":\"https:\\\/\\\/myazdentist.com\\\/\",\"name\":\"Mini Dental Implant Centers of America - Scottsdale, Arizona\",\"description\":\"Mini Dental Implants in Scottsdale, AZ\",\"publisher\":{\"@id\":\"https:\\\/\\\/myazdentist.com\\\/#organization\"},\"potentialAction\":[{\"@type\":\"SearchAction\",\"target\":{\"@type\":\"EntryPoint\",\"urlTemplate\":\"https:\\\/\\\/myazdentist.com\\\/?s={search_term_string}\"},\"query-input\":{\"@type\":\"PropertyValueSpecification\",\"valueRequired\":true,\"valueName\":\"search_term_string\"}}],\"inLanguage\":\"es\"},{\"@type\":\"Organization\",\"@id\":\"https:\\\/\\\/myazdentist.com\\\/#organization\",\"name\":\"Mini Dental Implant Centers of America - Scottsdale, AZ\",\"url\":\"https:\\\/\\\/myazdentist.com\\\/\",\"logo\":{\"@type\":\"ImageObject\",\"inLanguage\":\"es\",\"@id\":\"https:\\\/\\\/myazdentist.com\\\/#\\\/schema\\\/logo\\\/image\\\/\",\"url\":\"https:\\\/\\\/myazdentist.com\\\/wp-content\\\/uploads\\\/2022\\\/02\\\/Mini-Dental-Implant-Centers-of-America-Scottsdale-AZ-Changing-Lives.jpg\",\"contentUrl\":\"https:\\\/\\\/myazdentist.com\\\/wp-content\\\/uploads\\\/2022\\\/02\\\/Mini-Dental-Implant-Centers-of-America-Scottsdale-AZ-Changing-Lives.jpg\",\"width\":500,\"height\":500,\"caption\":\"Mini Dental Implant Centers of America - Scottsdale, AZ\"},\"image\":{\"@id\":\"https:\\\/\\\/myazdentist.com\\\/#\\\/schema\\\/logo\\\/image\\\/\"},\"sameAs\":[\"https:\\\/\\\/www.facebook.com\\\/MDICAScottsdale\\\/\",\"https:\\\/\\\/x.com\\\/myazdentist\",\"https:\\\/\\\/www.instagram.com\\\/miniimplantsarizona\\\/\",\"https:\\\/\\\/www.pinterest.com\\\/MiniDentalImplantsScottsdaleAZ\\\/\",\"https:\\\/\\\/www.youtube.com\\\/channel\\\/UCWrEQsVePQIce89sHLW7DtA\"]}]}<\/script>\n<!-- \/ Yoast SEO plugin. -->","yoast_head_json":{"title":"Testimonios | Comentarios de Pacientes | Mini Implantes Dentales en Scottsdale","description":"Lea los testimonios de pacientes reales sobre su experiencia en Mini Dental Implant Centers of America en Scottsdale, Arizona.","robots":{"index":"index","follow":"follow","max-snippet":"max-snippet:-1","max-image-preview":"max-image-preview:large","max-video-preview":"max-video-preview:-1"},"canonical":"https:\/\/myazdentist.com\/es\/testimonios\/","og_locale":"es_MX","og_type":"article","og_title":"Testimonials | Patient Reviews | Mini Dental Implants in Scottsdale","og_description":"Read testimonials from real patients about their experience at Mini Dental Implant Centers of America in Scottsdale, Arizona.","og_url":"https:\/\/myazdentist.com\/es\/testimonios\/","og_site_name":"Mini Dental Implant Centers of America - Scottsdale, Arizona","article_publisher":"https:\/\/www.facebook.com\/MDICAScottsdale\/","article_modified_time":"2024-03-11T20:40:56+00:00","og_image":[{"width":500,"height":302,"url":"https:\/\/myazdentist.com\/wp-content\/uploads\/2022\/02\/Testimonials-Patient-Reviews-Mini-Dental-Implants-in-Scottsdale-Arizona.jpg","type":"image\/jpeg"}],"twitter_card":"summary_large_image","twitter_site":"@myazdentist","twitter_misc":{"Tiempo de lectura":"3 minutos"},"schema":{"@context":"https:\/\/schema.org","@graph":[{"@type":"WebPage","@id":"https:\/\/myazdentist.com\/testimonials\/","url":"https:\/\/myazdentist.com\/testimonials\/","name":"Testimonios | Comentarios de Pacientes | Mini Implantes Dentales en Scottsdale","isPartOf":{"@id":"https:\/\/myazdentist.com\/#website"},"primaryImageOfPage":{"@id":"https:\/\/myazdentist.com\/testimonials\/#primaryimage"},"image":{"@id":"https:\/\/myazdentist.com\/testimonials\/#primaryimage"},"thumbnailUrl":"https:\/\/myazdentist.com\/wp-content\/uploads\/2022\/02\/Testimonials-Patient-Reviews-Mini-Dental-Implants-in-Scottsdale-Arizona.jpg","datePublished":"2021-10-09T06:19:28+00:00","dateModified":"2024-03-11T20:40:56+00:00","description":"Lea los testimonios de pacientes reales sobre su experiencia en Mini Dental Implant Centers of America en Scottsdale, Arizona.","breadcrumb":{"@id":"https:\/\/myazdentist.com\/testimonials\/#breadcrumb"},"inLanguage":"es","potentialAction":[{"@type":"ReadAction","target":["https:\/\/myazdentist.com\/testimonials\/"]}]},{"@type":"ImageObject","inLanguage":"es","@id":"https:\/\/myazdentist.com\/testimonials\/#primaryimage","url":"https:\/\/myazdentist.com\/wp-content\/uploads\/2022\/02\/Testimonials-Patient-Reviews-Mini-Dental-Implants-in-Scottsdale-Arizona.jpg","contentUrl":"https:\/\/myazdentist.com\/wp-content\/uploads\/2022\/02\/Testimonials-Patient-Reviews-Mini-Dental-Implants-in-Scottsdale-Arizona.jpg","width":500,"height":302,"caption":"Testimonials-Patient-Reviews-Mini-Dental-Implants-in-Scottsdale-Arizona"},{"@type":"BreadcrumbList","@id":"https:\/\/myazdentist.com\/testimonials\/#breadcrumb","itemListElement":[{"@type":"ListItem","position":1,"name":"Home","item":"https:\/\/myazdentist.com\/"},{"@type":"ListItem","position":2,"name":"Testimonials"}]},{"@type":"WebSite","@id":"https:\/\/myazdentist.com\/#website","url":"https:\/\/myazdentist.com\/","name":"Mini Dental Implant Centers of America - Scottsdale, Arizona","description":"Mini Implantes Dentales en Scottsdale, AZ","publisher":{"@id":"https:\/\/myazdentist.com\/#organization"},"potentialAction":[{"@type":"SearchAction","target":{"@type":"EntryPoint","urlTemplate":"https:\/\/myazdentist.com\/?s={search_term_string}"},"query-input":{"@type":"PropertyValueSpecification","valueRequired":true,"valueName":"search_term_string"}}],"inLanguage":"es"},{"@type":"Organization","@id":"https:\/\/myazdentist.com\/#organization","name":"Mini Dental Implant Centers of America - Scottsdale, AZ","url":"https:\/\/myazdentist.com\/","logo":{"@type":"ImageObject","inLanguage":"es","@id":"https:\/\/myazdentist.com\/#\/schema\/logo\/image\/","url":"https:\/\/myazdentist.com\/wp-content\/uploads\/2022\/02\/Mini-Dental-Implant-Centers-of-America-Scottsdale-AZ-Changing-Lives.jpg","contentUrl":"https:\/\/myazdentist.com\/wp-content\/uploads\/2022\/02\/Mini-Dental-Implant-Centers-of-America-Scottsdale-AZ-Changing-Lives.jpg","width":500,"height":500,"caption":"Mini Dental Implant Centers of America - Scottsdale, AZ"},"image":{"@id":"https:\/\/myazdentist.com\/#\/schema\/logo\/image\/"},"sameAs":["https:\/\/www.facebook.com\/MDICAScottsdale\/","https:\/\/x.com\/myazdentist","https:\/\/www.instagram.com\/miniimplantsarizona\/","https:\/\/www.pinterest.com\/MiniDentalImplantsScottsdaleAZ\/","https:\/\/www.youtube.com\/channel\/UCWrEQsVePQIce89sHLW7DtA"]}]}},"_links":{"self":[{"href":"https:\/\/myazdentist.com\/es\/wp-json\/wp\/v2\/pages\/44","targetHints":{"allow":["GET"]}}],"collection":[{"href":"https:\/\/myazdentist.com\/es\/wp-json\/wp\/v2\/pages"}],"about":[{"href":"https:\/\/myazdentist.com\/es\/wp-json\/wp\/v2\/types\/page"}],"author":[{"embeddable":true,"href":"https:\/\/myazdentist.com\/es\/wp-json\/wp\/v2\/users\/4"}],"replies":[{"embeddable":true,"href":"https:\/\/myazdentist.com\/es\/wp-json\/wp\/v2\/comments?post=44"}],"version-history":[{"count":0,"href":"https:\/\/myazdentist.com\/es\/wp-json\/wp\/v2\/pages\/44\/revisions"}],"wp:featuredmedia":[{"embeddable":true,"href":"https:\/\/myazdentist.com\/es\/wp-json\/wp\/v2\/media\/171"}],"wp:attachment":[{"href":"https:\/\/myazdentist.com\/es\/wp-json\/wp\/v2\/media?parent=44"}],"curies":[{"name":"wp","href":"https:\/\/api.w.org\/{rel}","templated":true}]}}